{"id":70,"date":"2018-01-02T19:28:43","date_gmt":"2018-01-02T19:28:43","guid":{"rendered":"http:\/\/fliesen-haus.de\/?page_id=70"},"modified":"2019-01-13T17:13:45","modified_gmt":"2019-01-13T17:13:45","slug":"bilder-galerie","status":"publish","type":"page","link":"https:\/\/fliesen-haus.de\/?page_id=70","title":{"rendered":"Bilder-Galerie"},"content":{"rendered":"<p>Sie m\u00f6chten Ihrem Haus eine besondere Note verleihen?<\/p>\n<p>Sie m\u00f6chten Ihren eigenen Stil und Individualit\u00e4t zum Ausdruck bringen?<\/p>\n<p>Die individuellen Gestaltungsm\u00f6glichkeiten in Material, Gr\u00f6\u00dfe, Form und Farbe sind nahezu unbegrenzt. Machen Sie sich doch selbst ein Bild davon:<\/p>\n<p>&nbsp;<\/p>\n<h2>B\u00e4der:<\/h2>\n<p><a href=\"http:\/\/fliesen-haus.de\/wp-content\/uploads\/2018\/01\/DuscheMosaik.jpg\"><img loading=\"lazy\" decoding=\"async\" class=\"alignnone size-medium wp-image-49\" src=\"http:\/\/fliesen-haus.de\/wp-content\/uploads\/2018\/01\/DuscheMosaik-225x300.jpg\" alt=\"\" width=\"225\" height=\"300\" srcset=\"https:\/\/fliesen-haus.de\/wp-content\/uploads\/2018\/01\/DuscheMosaik-225x300.jpg 225w, https:\/\/fliesen-haus.de\/wp-content\/uploads\/2018\/01\/DuscheMosaik-768x1024.jpg 768w, https:\/\/fliesen-haus.de\/wp-content\/uploads\/2018\/01\/DuscheMosaik-370x493.jpg 370w, https:\/\/fliesen-haus.de\/wp-content\/uploads\/2018\/01\/DuscheMosaik-1040x1387.jpg 1040w, https:\/\/fliesen-haus.de\/wp-content\/uploads\/2018\/01\/DuscheMosaik.jpg 1200w\" sizes=\"auto, (max-width: 225px) 100vw, 225px\" \/><\/a> <a href=\"http:\/\/fliesen-haus.de\/wp-content\/uploads\/2018\/01\/DuscheGrauNatur.jpg\"><img loading=\"lazy\" decoding=\"async\" class=\"alignnone size-medium wp-image-46\" src=\"http:\/\/fliesen-haus.de\/wp-content\/uploads\/2018\/01\/DuscheGrauNatur-225x300.jpg\" alt=\"\" width=\"225\" height=\"300\" srcset=\"https:\/\/fliesen-haus.de\/wp-content\/uploads\/2018\/01\/DuscheGrauNatur-225x300.jpg 225w, https:\/\/fliesen-haus.de\/wp-content\/uploads\/2018\/01\/DuscheGrauNatur-768x1024.jpg 768w, https:\/\/fliesen-haus.de\/wp-content\/uploads\/2018\/01\/DuscheGrauNatur-370x493.jpg 370w, https:\/\/fliesen-haus.de\/wp-content\/uploads\/2018\/01\/DuscheGrauNatur-1040x1387.jpg 1040w\" sizes=\"auto, (max-width: 225px) 100vw, 225px\" \/><\/a> <a href=\"http:\/\/fliesen-haus.de\/wp-content\/uploads\/2018\/01\/DuscheGrau.jpg\"><img loading=\"lazy\" decoding=\"async\" class=\"alignnone size-medium wp-image-45\" src=\"http:\/\/fliesen-haus.de\/wp-content\/uploads\/2018\/01\/DuscheGrau-225x300.jpg\" alt=\"\" width=\"225\" height=\"300\" srcset=\"https:\/\/fliesen-haus.de\/wp-content\/uploads\/2018\/01\/DuscheGrau-225x300.jpg 225w, https:\/\/fliesen-haus.de\/wp-content\/uploads\/2018\/01\/DuscheGrau-768x1024.jpg 768w, https:\/\/fliesen-haus.de\/wp-content\/uploads\/2018\/01\/DuscheGrau-370x493.jpg 370w, https:\/\/fliesen-haus.de\/wp-content\/uploads\/2018\/01\/DuscheGrau-1040x1387.jpg 1040w, https:\/\/fliesen-haus.de\/wp-content\/uploads\/2018\/01\/DuscheGrau.jpg 1536w\" sizes=\"auto, (max-width: 225px) 100vw, 225px\" \/><\/a> <a href=\"http:\/\/fliesen-haus.de\/wp-content\/uploads\/2018\/01\/DuscheBunt.jpg\"><img loading=\"lazy\" decoding=\"async\" class=\"alignnone size-medium wp-image-44\" src=\"http:\/\/fliesen-haus.de\/wp-content\/uploads\/2018\/01\/DuscheBunt-225x300.jpg\" alt=\"\" width=\"225\" height=\"300\" srcset=\"https:\/\/fliesen-haus.de\/wp-content\/uploads\/2018\/01\/DuscheBunt-225x300.jpg 225w, https:\/\/fliesen-haus.de\/wp-content\/uploads\/2018\/01\/DuscheBunt-768x1024.jpg 768w, https:\/\/fliesen-haus.de\/wp-content\/uploads\/2018\/01\/DuscheBunt-370x493.jpg 370w, https:\/\/fliesen-haus.de\/wp-content\/uploads\/2018\/01\/DuscheBunt-1040x1387.jpg 1040w\" sizes=\"auto, (max-width: 225px) 100vw, 225px\" \/><\/a> <a href=\"http:\/\/fliesen-haus.de\/wp-content\/uploads\/2018\/01\/DuscheBeige.jpg\"><img loading=\"lazy\" decoding=\"async\" class=\"alignnone size-medium wp-image-43\" src=\"http:\/\/fliesen-haus.de\/wp-content\/uploads\/2018\/01\/DuscheBeige-225x300.jpg\" alt=\"\" width=\"225\" height=\"300\" srcset=\"https:\/\/fliesen-haus.de\/wp-content\/uploads\/2018\/01\/DuscheBeige-225x300.jpg 225w, https:\/\/fliesen-haus.de\/wp-content\/uploads\/2018\/01\/DuscheBeige-768x1024.jpg 768w, https:\/\/fliesen-haus.de\/wp-content\/uploads\/2018\/01\/DuscheBeige-370x493.jpg 370w, https:\/\/fliesen-haus.de\/wp-content\/uploads\/2018\/01\/DuscheBeige-1040x1387.jpg 1040w, https:\/\/fliesen-haus.de\/wp-content\/uploads\/2018\/01\/DuscheBeige.jpg 1200w\" sizes=\"auto, (max-width: 225px) 100vw, 225px\" \/><\/a> <a href=\"http:\/\/fliesen-haus.de\/wp-content\/uploads\/2018\/01\/Dusche.jpg\"><img loading=\"lazy\" decoding=\"async\" class=\"alignnone size-medium wp-image-42\" src=\"http:\/\/fliesen-haus.de\/wp-content\/uploads\/2018\/01\/Dusche-225x300.jpg\" alt=\"\" width=\"225\" height=\"300\" srcset=\"https:\/\/fliesen-haus.de\/wp-content\/uploads\/2018\/01\/Dusche-225x300.jpg 225w, https:\/\/fliesen-haus.de\/wp-content\/uploads\/2018\/01\/Dusche-768x1024.jpg 768w, https:\/\/fliesen-haus.de\/wp-content\/uploads\/2018\/01\/Dusche-370x493.jpg 370w, https:\/\/fliesen-haus.de\/wp-content\/uploads\/2018\/01\/Dusche-1040x1387.jpg 1040w\" sizes=\"auto, (max-width: 225px) 100vw, 225px\" \/><\/a> <a href=\"http:\/\/fliesen-haus.de\/wp-content\/uploads\/2018\/01\/Boden-Dusche.jpg\"><img loading=\"lazy\" decoding=\"async\" class=\"alignnone size-medium wp-image-41\" src=\"http:\/\/fliesen-haus.de\/wp-content\/uploads\/2018\/01\/Boden-Dusche-300x225.jpg\" alt=\"\" width=\"300\" height=\"225\" srcset=\"https:\/\/fliesen-haus.de\/wp-content\/uploads\/2018\/01\/Boden-Dusche-300x225.jpg 300w, https:\/\/fliesen-haus.de\/wp-content\/uploads\/2018\/01\/Boden-Dusche-768x576.jpg 768w, https:\/\/fliesen-haus.de\/wp-content\/uploads\/2018\/01\/Boden-Dusche-1024x768.jpg 1024w, https:\/\/fliesen-haus.de\/wp-content\/uploads\/2018\/01\/Boden-Dusche-370x278.jpg 370w, https:\/\/fliesen-haus.de\/wp-content\/uploads\/2018\/01\/Boden-Dusche-1040x780.jpg 1040w, https:\/\/fliesen-haus.de\/wp-content\/uploads\/2018\/01\/Boden-Dusche.jpg 1600w\" sizes=\"auto, (max-width: 300px) 100vw, 300px\" \/><\/a> <a href=\"http:\/\/fliesen-haus.de\/wp-content\/uploads\/2018\/01\/Badewannebeige.jpg\"><img loading=\"lazy\" decoding=\"async\" class=\"alignnone size-medium wp-image-38\" src=\"http:\/\/fliesen-haus.de\/wp-content\/uploads\/2018\/01\/Badewannebeige-300x225.jpg\" alt=\"\" width=\"300\" height=\"225\" srcset=\"https:\/\/fliesen-haus.de\/wp-content\/uploads\/2018\/01\/Badewannebeige-300x225.jpg 300w, https:\/\/fliesen-haus.de\/wp-content\/uploads\/2018\/01\/Badewannebeige-768x576.jpg 768w, https:\/\/fliesen-haus.de\/wp-content\/uploads\/2018\/01\/Badewannebeige-1024x768.jpg 1024w, https:\/\/fliesen-haus.de\/wp-content\/uploads\/2018\/01\/Badewannebeige-370x278.jpg 370w, https:\/\/fliesen-haus.de\/wp-content\/uploads\/2018\/01\/Badewannebeige-1040x780.jpg 1040w, https:\/\/fliesen-haus.de\/wp-content\/uploads\/2018\/01\/Badewannebeige.jpg 1600w\" sizes=\"auto, (max-width: 300px) 100vw, 300px\" \/><\/a> <a href=\"http:\/\/fliesen-haus.de\/wp-content\/uploads\/2018\/01\/Badewanne.jpg\"><img loading=\"lazy\" decoding=\"async\" class=\"alignnone size-medium wp-image-37\" src=\"http:\/\/fliesen-haus.de\/wp-content\/uploads\/2018\/01\/Badewanne-300x225.jpg\" alt=\"\" width=\"300\" height=\"225\" srcset=\"https:\/\/fliesen-haus.de\/wp-content\/uploads\/2018\/01\/Badewanne-300x225.jpg 300w, https:\/\/fliesen-haus.de\/wp-content\/uploads\/2018\/01\/Badewanne-768x576.jpg 768w, https:\/\/fliesen-haus.de\/wp-content\/uploads\/2018\/01\/Badewanne-1024x768.jpg 1024w, https:\/\/fliesen-haus.de\/wp-content\/uploads\/2018\/01\/Badewanne-370x278.jpg 370w, https:\/\/fliesen-haus.de\/wp-content\/uploads\/2018\/01\/Badewanne-1040x780.jpg 1040w\" sizes=\"auto, (max-width: 300px) 100vw, 300px\" \/><\/a> <a href=\"http:\/\/fliesen-haus.de\/wp-content\/uploads\/2018\/01\/BadBraunNaturfarben.jpg\"><img loading=\"lazy\" decoding=\"async\" class=\"alignnone size-medium wp-image-36\" src=\"http:\/\/fliesen-haus.de\/wp-content\/uploads\/2018\/01\/BadBraunNaturfarben-300x225.jpg\" alt=\"\" width=\"300\" height=\"225\" srcset=\"https:\/\/fliesen-haus.de\/wp-content\/uploads\/2018\/01\/BadBraunNaturfarben-300x225.jpg 300w, https:\/\/fliesen-haus.de\/wp-content\/uploads\/2018\/01\/BadBraunNaturfarben-768x576.jpg 768w, https:\/\/fliesen-haus.de\/wp-content\/uploads\/2018\/01\/BadBraunNaturfarben-1024x768.jpg 1024w, https:\/\/fliesen-haus.de\/wp-content\/uploads\/2018\/01\/BadBraunNaturfarben-370x278.jpg 370w, https:\/\/fliesen-haus.de\/wp-content\/uploads\/2018\/01\/BadBraunNaturfarben-1040x780.jpg 1040w\" sizes=\"auto, (max-width: 300px) 100vw, 300px\" \/><\/a><\/p>\n<p>&nbsp;<\/p>\n<h2>Wohnraum:<\/h2>\n<p><a href=\"http:\/\/fliesen-haus.de\/wp-content\/uploads\/2018\/01\/WandNaturstein.jpg\"><img loading=\"lazy\" decoding=\"async\" class=\"alignnone size-medium wp-image-33\" src=\"http:\/\/fliesen-haus.de\/wp-content\/uploads\/2018\/01\/WandNaturstein-300x225.jpg\" alt=\"\" width=\"300\" height=\"225\" srcset=\"https:\/\/fliesen-haus.de\/wp-content\/uploads\/2018\/01\/WandNaturstein-300x225.jpg 300w, https:\/\/fliesen-haus.de\/wp-content\/uploads\/2018\/01\/WandNaturstein-768x576.jpg 768w, https:\/\/fliesen-haus.de\/wp-content\/uploads\/2018\/01\/WandNaturstein-1024x768.jpg 1024w, https:\/\/fliesen-haus.de\/wp-content\/uploads\/2018\/01\/WandNaturstein-370x278.jpg 370w, https:\/\/fliesen-haus.de\/wp-content\/uploads\/2018\/01\/WandNaturstein-1040x780.jpg 1040w\" sizes=\"auto, (max-width: 300px) 100vw, 300px\" \/><\/a><a href=\"http:\/\/fliesen-haus.de\/wp-content\/uploads\/2019\/01\/1722e9da-b8b6-4022-aa59-4a24a071827a.jpg\">\u00a0<img loading=\"lazy\" decoding=\"async\" class=\"alignnone size-medium wp-image-281\" src=\"http:\/\/fliesen-haus.de\/wp-content\/uploads\/2019\/01\/1722e9da-b8b6-4022-aa59-4a24a071827a-300x225.jpg\" alt=\"\" width=\"300\" height=\"225\" srcset=\"https:\/\/fliesen-haus.de\/wp-content\/uploads\/2019\/01\/1722e9da-b8b6-4022-aa59-4a24a071827a-300x225.jpg 300w, https:\/\/fliesen-haus.de\/wp-content\/uploads\/2019\/01\/1722e9da-b8b6-4022-aa59-4a24a071827a-768x576.jpg 768w, https:\/\/fliesen-haus.de\/wp-content\/uploads\/2019\/01\/1722e9da-b8b6-4022-aa59-4a24a071827a-1024x768.jpg 1024w, https:\/\/fliesen-haus.de\/wp-content\/uploads\/2019\/01\/1722e9da-b8b6-4022-aa59-4a24a071827a-540x405.jpg 540w, https:\/\/fliesen-haus.de\/wp-content\/uploads\/2019\/01\/1722e9da-b8b6-4022-aa59-4a24a071827a-1040x780.jpg 1040w, https:\/\/fliesen-haus.de\/wp-content\/uploads\/2019\/01\/1722e9da-b8b6-4022-aa59-4a24a071827a.jpg 1600w\" sizes=\"auto, (max-width: 300px) 100vw, 300px\" \/><\/a><\/p>\n<p>&nbsp;<\/p>\n<h2>Treppenhaus:<\/h2>\n<p><a href=\"http:\/\/fliesen-haus.de\/wp-content\/uploads\/2018\/01\/TreppeSchwarz.jpg\"><img loading=\"lazy\" decoding=\"async\" class=\"alignnone size-medium wp-image-32\" src=\"http:\/\/fliesen-haus.de\/wp-content\/uploads\/2018\/01\/TreppeSchwarz-225x300.jpg\" alt=\"\" width=\"225\" height=\"300\" srcset=\"https:\/\/fliesen-haus.de\/wp-content\/uploads\/2018\/01\/TreppeSchwarz-225x300.jpg 225w, https:\/\/fliesen-haus.de\/wp-content\/uploads\/2018\/01\/TreppeSchwarz-768x1024.jpg 768w, https:\/\/fliesen-haus.de\/wp-content\/uploads\/2018\/01\/TreppeSchwarz-370x493.jpg 370w, https:\/\/fliesen-haus.de\/wp-content\/uploads\/2018\/01\/TreppeSchwarz-1040x1387.jpg 1040w\" sizes=\"auto, (max-width: 225px) 100vw, 225px\" \/><\/a> <a href=\"http:\/\/fliesen-haus.de\/wp-content\/uploads\/2018\/01\/Treppe.jpg\"><img loading=\"lazy\" decoding=\"async\" class=\"alignnone size-medium wp-image-31\" src=\"http:\/\/fliesen-haus.de\/wp-content\/uploads\/2018\/01\/Treppe-300x300.jpg\" alt=\"\" width=\"300\" height=\"300\" srcset=\"https:\/\/fliesen-haus.de\/wp-content\/uploads\/2018\/01\/Treppe-300x300.jpg 300w, https:\/\/fliesen-haus.de\/wp-content\/uploads\/2018\/01\/Treppe-150x150.jpg 150w, https:\/\/fliesen-haus.de\/wp-content\/uploads\/2018\/01\/Treppe-768x768.jpg 768w, https:\/\/fliesen-haus.de\/wp-content\/uploads\/2018\/01\/Treppe-1024x1024.jpg 1024w, https:\/\/fliesen-haus.de\/wp-content\/uploads\/2018\/01\/Treppe-370x370.jpg 370w, https:\/\/fliesen-haus.de\/wp-content\/uploads\/2018\/01\/Treppe-1040x1040.jpg 1040w\" sizes=\"auto, (max-width: 300px) 100vw, 300px\" \/><\/a><\/p>\n<p>&nbsp;<\/p>\n<h2>Fliesen Ausstellung:<\/h2>\n<p><a href=\"http:\/\/fliesen-haus.de\/wp-content\/uploads\/2018\/03\/20180312_112243-e1521871490527.jpg\"><img loading=\"lazy\" decoding=\"async\" class=\"alignnone size-medium wp-image-247\" src=\"http:\/\/fliesen-haus.de\/wp-content\/uploads\/2018\/03\/20180312_112243-e1521871490527-225x300.jpg\" alt=\"\" width=\"225\" height=\"300\" srcset=\"https:\/\/fliesen-haus.de\/wp-content\/uploads\/2018\/03\/20180312_112243-e1521871490527-225x300.jpg 225w, https:\/\/fliesen-haus.de\/wp-content\/uploads\/2018\/03\/20180312_112243-e1521871490527-768x1024.jpg 768w, https:\/\/fliesen-haus.de\/wp-content\/uploads\/2018\/03\/20180312_112243-e1521871490527-540x720.jpg 540w, https:\/\/fliesen-haus.de\/wp-content\/uploads\/2018\/03\/20180312_112243-e1521871490527-1040x1387.jpg 1040w\" sizes=\"auto, (max-width: 225px) 100vw, 225px\" \/><\/a><\/p>\n<p><a href=\"http:\/\/fliesen-haus.de\/wp-content\/uploads\/2019\/01\/Waschbecken1.jpg\"><img loading=\"lazy\" decoding=\"async\" class=\"alignnone size-medium wp-image-282\" src=\"http:\/\/fliesen-haus.de\/wp-content\/uploads\/2019\/01\/Waschbecken1-300x225.jpg\" alt=\"\" width=\"300\" height=\"225\" srcset=\"https:\/\/fliesen-haus.de\/wp-content\/uploads\/2019\/01\/Waschbecken1-300x225.jpg 300w, https:\/\/fliesen-haus.de\/wp-content\/uploads\/2019\/01\/Waschbecken1-768x576.jpg 768w, https:\/\/fliesen-haus.de\/wp-content\/uploads\/2019\/01\/Waschbecken1-1024x768.jpg 1024w, https:\/\/fliesen-haus.de\/wp-content\/uploads\/2019\/01\/Waschbecken1-540x405.jpg 540w, https:\/\/fliesen-haus.de\/wp-content\/uploads\/2019\/01\/Waschbecken1-1040x780.jpg 1040w\" sizes=\"auto, (max-width: 300px) 100vw, 300px\" \/><\/a> <a href=\"http:\/\/fliesen-haus.de\/wp-content\/uploads\/2019\/01\/Waschbecken3.jpg\"><img loading=\"lazy\" decoding=\"async\" class=\"alignnone size-medium wp-image-284\" src=\"http:\/\/fliesen-haus.de\/wp-content\/uploads\/2019\/01\/Waschbecken3-300x225.jpg\" alt=\"\" width=\"300\" height=\"225\" srcset=\"https:\/\/fliesen-haus.de\/wp-content\/uploads\/2019\/01\/Waschbecken3-300x225.jpg 300w, https:\/\/fliesen-haus.de\/wp-content\/uploads\/2019\/01\/Waschbecken3-768x576.jpg 768w, https:\/\/fliesen-haus.de\/wp-content\/uploads\/2019\/01\/Waschbecken3-1024x768.jpg 1024w, https:\/\/fliesen-haus.de\/wp-content\/uploads\/2019\/01\/Waschbecken3-540x405.jpg 540w, https:\/\/fliesen-haus.de\/wp-content\/uploads\/2019\/01\/Waschbecken3-1040x780.jpg 1040w\" sizes=\"auto, (max-width: 300px) 100vw, 300px\" \/><\/a><a href=\"http:\/\/fliesen-haus.de\/wp-content\/uploads\/2019\/01\/Waschbecken2.jpg\"><img loading=\"lazy\" decoding=\"async\" class=\"alignnone size-medium wp-image-283\" src=\"http:\/\/fliesen-haus.de\/wp-content\/uploads\/2019\/01\/Waschbecken2-300x225.jpg\" alt=\"\" width=\"300\" height=\"225\" srcset=\"https:\/\/fliesen-haus.de\/wp-content\/uploads\/2019\/01\/Waschbecken2-300x225.jpg 300w, https:\/\/fliesen-haus.de\/wp-content\/uploads\/2019\/01\/Waschbecken2-768x576.jpg 768w, https:\/\/fliesen-haus.de\/wp-content\/uploads\/2019\/01\/Waschbecken2-1024x768.jpg 1024w, https:\/\/fliesen-haus.de\/wp-content\/uploads\/2019\/01\/Waschbecken2-540x405.jpg 540w, https:\/\/fliesen-haus.de\/wp-content\/uploads\/2019\/01\/Waschbecken2-1040x780.jpg 1040w\" sizes=\"auto, (max-width: 300px) 100vw, 300px\" \/><\/a><\/p>\n<p><a href=\"http:\/\/fliesen-haus.de\/wp-content\/uploads\/2018\/03\/20180312_112155.jpg\"><img loading=\"lazy\" decoding=\"async\" class=\"alignnone size-medium wp-image-248\" src=\"http:\/\/fliesen-haus.de\/wp-content\/uploads\/2018\/03\/20180312_112155-300x216.jpg\" alt=\"\" width=\"300\" height=\"216\" srcset=\"https:\/\/fliesen-haus.de\/wp-content\/uploads\/2018\/03\/20180312_112155-300x216.jpg 300w, https:\/\/fliesen-haus.de\/wp-content\/uploads\/2018\/03\/20180312_112155-768x553.jpg 768w, https:\/\/fliesen-haus.de\/wp-content\/uploads\/2018\/03\/20180312_112155-1024x737.jpg 1024w, https:\/\/fliesen-haus.de\/wp-content\/uploads\/2018\/03\/20180312_112155-540x389.jpg 540w, https:\/\/fliesen-haus.de\/wp-content\/uploads\/2018\/03\/20180312_112155-1040x749.jpg 1040w\" sizes=\"auto, (max-width: 300px) 100vw, 300px\" \/><\/a><a href=\"http:\/\/fliesen-haus.de\/wp-content\/uploads\/2018\/03\/Ausstellung-Au\u00dfen-angepasst.png\">\u00a0<img loading=\"lazy\" decoding=\"async\" class=\"alignnone size-medium wp-image-249\" src=\"http:\/\/fliesen-haus.de\/wp-content\/uploads\/2018\/03\/Ausstellung-Au\u00dfen-angepasst-300x216.png\" alt=\"\" width=\"300\" height=\"216\" srcset=\"https:\/\/fliesen-haus.de\/wp-content\/uploads\/2018\/03\/Ausstellung-Au\u00dfen-angepasst-300x216.png 300w, https:\/\/fliesen-haus.de\/wp-content\/uploads\/2018\/03\/Ausstellung-Au\u00dfen-angepasst-768x552.png 768w, https:\/\/fliesen-haus.de\/wp-content\/uploads\/2018\/03\/Ausstellung-Au\u00dfen-angepasst-1024x737.png 1024w, https:\/\/fliesen-haus.de\/wp-content\/uploads\/2018\/03\/Ausstellung-Au\u00dfen-angepasst-540x388.png 540w, https:\/\/fliesen-haus.de\/wp-content\/uploads\/2018\/03\/Ausstellung-Au\u00dfen-angepasst-1040x748.png 1040w\" sizes=\"auto, (max-width: 300px) 100vw, 300px\" \/><\/a><\/p>\n<p>&nbsp;<\/p>\n","protected":false},"excerpt":{"rendered":"<p>Sie m\u00f6chten Ihrem Haus eine besondere Note verleihen? Sie m\u00f6chten Ihren eigenen Stil und Individualit\u00e4t[&#8230;]<\/p>\n","protected":false},"author":1,"featured_media":0,"parent":0,"menu_order":0,"comment_status":"closed","ping_status":"closed","template":"","meta":{"footnotes":""},"class_list":["post-70","page","type-page","status-publish","hentry"],"_links":{"self":[{"href":"https:\/\/fliesen-haus.de\/index.php?rest_route=\/wp\/v2\/pages\/70","targetHints":{"allow":["GET"]}}],"collection":[{"href":"https:\/\/fliesen-haus.de\/index.php?rest_route=\/wp\/v2\/pages"}],"about":[{"href":"https:\/\/fliesen-haus.de\/index.php?rest_route=\/wp\/v2\/types\/page"}],"author":[{"embeddable":true,"href":"https:\/\/fliesen-haus.de\/index.php?rest_route=\/wp\/v2\/users\/1"}],"replies":[{"embeddable":true,"href":"https:\/\/fliesen-haus.de\/index.php?rest_route=%2Fwp%2Fv2%2Fcomments&post=70"}],"version-history":[{"count":16,"href":"https:\/\/fliesen-haus.de\/index.php?rest_route=\/wp\/v2\/pages\/70\/revisions"}],"predecessor-version":[{"id":286,"href":"https:\/\/fliesen-haus.de\/index.php?rest_route=\/wp\/v2\/pages\/70\/revisions\/286"}],"wp:attachment":[{"href":"https:\/\/fliesen-haus.de\/index.php?rest_route=%2Fwp%2Fv2%2Fmedia&parent=70"}],"curies":[{"name":"wp","href":"https:\/\/api.w.org\/{rel}","templated":true}]}}