{"id":125,"date":"2018-01-02T20:37:43","date_gmt":"2018-01-02T20:37:43","guid":{"rendered":"http:\/\/fliesen-haus.de\/?page_id=125"},"modified":"2018-03-24T06:08:21","modified_gmt":"2018-03-24T06:08:21","slug":"anfahrt","status":"publish","type":"page","link":"https:\/\/fliesen-haus.de\/?page_id=125","title":{"rendered":"Anfahrt"},"content":{"rendered":"<p>Firma Fliesen-Haus GmbH<\/p>\n<p>Am M\u00fchlacker 17<\/p>\n<p>64839 M\u00fcnster (Hessen)<\/p>\n<p>&nbsp;<\/p>\n<p>Unsere \u00d6ffnungszeiten:<\/p>\n<p>Mo. Di., Do. Fr. von 08:00-12:00 Uhr und 13:00-18:00 Uhr<\/p>\n<p>Mi. von 08:00-12:00 Uhr<\/p>\n<p>Sa. von 08:00-12:30 Uhr<\/p>\n<p>[intergeo id=&#8220;yUTM&#8220;][\/intergeo]<\/p>\n","protected":false},"excerpt":{"rendered":"<p>Firma Fliesen-Haus GmbH Am M\u00fchlacker 17 64839 M\u00fcnster (Hessen) &nbsp; Unsere \u00d6ffnungszeiten: Mo. Di., Do.[&#8230;]<\/p>\n","protected":false},"author":1,"featured_media":0,"parent":0,"menu_order":0,"comment_status":"closed","ping_status":"closed","template":"","meta":{"footnotes":""},"class_list":["post-125","page","type-page","status-publish","hentry"],"_links":{"self":[{"href":"https:\/\/fliesen-haus.de\/index.php?rest_route=\/wp\/v2\/pages\/125","targetHints":{"allow":["GET"]}}],"collection":[{"href":"https:\/\/fliesen-haus.de\/index.php?rest_route=\/wp\/v2\/pages"}],"about":[{"href":"https:\/\/fliesen-haus.de\/index.php?rest_route=\/wp\/v2\/types\/page"}],"author":[{"embeddable":true,"href":"https:\/\/fliesen-haus.de\/index.php?rest_route=\/wp\/v2\/users\/1"}],"replies":[{"embeddable":true,"href":"https:\/\/fliesen-haus.de\/index.php?rest_route=%2Fwp%2Fv2%2Fcomments&post=125"}],"version-history":[{"count":7,"href":"https:\/\/fliesen-haus.de\/index.php?rest_route=\/wp\/v2\/pages\/125\/revisions"}],"predecessor-version":[{"id":251,"href":"https:\/\/fliesen-haus.de\/index.php?rest_route=\/wp\/v2\/pages\/125\/revisions\/251"}],"wp:attachment":[{"href":"https:\/\/fliesen-haus.de\/index.php?rest_route=%2Fwp%2Fv2%2Fmedia&parent=125"}],"curies":[{"name":"wp","href":"https:\/\/api.w.org\/{rel}","templated":true}]}}