{"id":55,"date":"2018-01-02T19:19:56","date_gmt":"2018-01-02T19:19:56","guid":{"rendered":"http:\/\/fliesen-haus.de\/?page_id=55"},"modified":"2018-01-02T20:55:02","modified_gmt":"2018-01-02T20:55:02","slug":"tradition","status":"publish","type":"page","link":"http:\/\/fliesen-haus.de\/?page_id=55","title":{"rendered":"Tradition"},"content":{"rendered":"<p>Hans Haus gr\u00fcndete im Juli 1962 das Fliesenfachgesch\u00e4ft.<\/p>\n<p><img loading=\"lazy\" decoding=\"async\" class=\"wp-image-96 aligncenter\" src=\"http:\/\/fliesen-haus.de\/wp-content\/uploads\/2018\/01\/Gr\u00fcnder-Haus.jpg\" alt=\"\" width=\"216\" height=\"215\" srcset=\"http:\/\/fliesen-haus.de\/wp-content\/uploads\/2018\/01\/Gr\u00fcnder-Haus.jpg 271w, http:\/\/fliesen-haus.de\/wp-content\/uploads\/2018\/01\/Gr\u00fcnder-Haus-150x150.jpg 150w\" sizes=\"auto, (max-width: 216px) 100vw, 216px\" \/><\/p>\n<p>2000 wurde die Firma in eine GmbH umgewandelt.<\/p>\n<p>Die S\u00f6hne Harald (Fliesenlegermeister) und Frank Haus (Fliesenleger und Kaufmann) \u00fcbernahmen das Gesch\u00e4ft als Gesch\u00e4ftsf\u00fchrer in zweiter Generation.<\/p>\n<p>Alles rund um Fliesen aus Meisterhand!<\/p>\n<p><img loading=\"lazy\" decoding=\"async\" class=\"size-full wp-image-12 aligncenter\" src=\"http:\/\/fliesen-haus.de\/wp-content\/uploads\/2018\/01\/Firmen-Logo.jpg\" alt=\"\" width=\"334\" height=\"215\" srcset=\"http:\/\/fliesen-haus.de\/wp-content\/uploads\/2018\/01\/Firmen-Logo.jpg 334w, http:\/\/fliesen-haus.de\/wp-content\/uploads\/2018\/01\/Firmen-Logo-300x193.jpg 300w\" sizes=\"auto, (max-width: 334px) 100vw, 334px\" \/><\/p>\n","protected":false},"excerpt":{"rendered":"<p>Hans Haus gr\u00fcndete im Juli 1962 das Fliesenfachgesch\u00e4ft. 2000 wurde die Firma in eine GmbH[&#8230;]<\/p>\n","protected":false},"author":1,"featured_media":0,"parent":0,"menu_order":0,"comment_status":"closed","ping_status":"closed","template":"","meta":{"footnotes":""},"class_list":["post-55","page","type-page","status-publish","hentry"],"_links":{"self":[{"href":"http:\/\/fliesen-haus.de\/index.php?rest_route=\/wp\/v2\/pages\/55","targetHints":{"allow":["GET"]}}],"collection":[{"href":"http:\/\/fliesen-haus.de\/index.php?rest_route=\/wp\/v2\/pages"}],"about":[{"href":"http:\/\/fliesen-haus.de\/index.php?rest_route=\/wp\/v2\/types\/page"}],"author":[{"embeddable":true,"href":"http:\/\/fliesen-haus.de\/index.php?rest_route=\/wp\/v2\/users\/1"}],"replies":[{"embeddable":true,"href":"http:\/\/fliesen-haus.de\/index.php?rest_route=%2Fwp%2Fv2%2Fcomments&post=55"}],"version-history":[{"count":6,"href":"http:\/\/fliesen-haus.de\/index.php?rest_route=\/wp\/v2\/pages\/55\/revisions"}],"predecessor-version":[{"id":149,"href":"http:\/\/fliesen-haus.de\/index.php?rest_route=\/wp\/v2\/pages\/55\/revisions\/149"}],"wp:attachment":[{"href":"http:\/\/fliesen-haus.de\/index.php?rest_route=%2Fwp%2Fv2%2Fmedia&parent=55"}],"curies":[{"name":"wp","href":"https:\/\/api.w.org\/{rel}","templated":true}]}}